{"id":806,"date":"2024-04-23T14:43:34","date_gmt":"2024-04-23T14:43:34","guid":{"rendered":"http:\/\/matthieuburger.test\/matthieu\/"},"modified":"2025-11-16T14:49:56","modified_gmt":"2025-11-16T14:49:56","slug":"matthieu","status":"publish","type":"page","link":"https:\/\/matthieuburger.ch\/fr\/matthieu\/","title":{"rendered":"Matthieu"},"content":{"rendered":"\n<div id=\"section_title-portrait\" class=\"c-container c-section-title  wp-block-acf-section-title\">\n    <div class=\"c-row\">\n        <div class=\"c-col-8\">\n\t\t\t\t\t\t\t <h2>Portrait<\/h2>\t\t\t        <\/div>\n    <\/div>\n<\/div>\n\n\n<div class=\"c-container c-profile\">\n    <div class=\"c-row\">\n\t\t            <div class=\"c-col-4 c-text-block c-text-small\">\n\t\t\t\t                <dl class=\"c-profile-list\">\n\t\t\t\t\t\t\t\t\t\t\t                            <dt>Lieu de r\u00e9sidence<\/dt>\n\t\t\t\t\t\t\n\t\t\t\t\t\t                            <dd>L\u00fcscherz<\/dd>\n\t\t\t\t\t\t\t\t\t\t\t\t\t\t\t\t\t                            <dt>Date de naissance<\/dt>\n\t\t\t\t\t\t\n\t\t\t\t\t\t                            <dd>04.11.2001<\/dd>\n\t\t\t\t\t\t\t\t\t\t\t\t\t\t\t\t\t                            <dt>\u00c9tat civil<\/dt>\n\t\t\t\t\t\t\n\t\t\t\t\t\t                            <dd>Mari\u00e9, un enfant<\/dd>\n\t\t\t\t\t\t\t\t\t\t\t\t\t\t\t\t\t                            <dt>Fr\u00e8res et s\u0153urs<\/dt>\n\t\t\t\t\t\t\n\t\t\t\t\t\t                            <dd>2 fr\u00e8res (Etienne, David)<\/dd>\n\t\t\t\t\t\t\t\t\t\t\t\t\t\t\t\t\t                            <dt>Taille (cm)<\/dt>\n\t\t\t\t\t\t\n\t\t\t\t\t\t                            <dd>193<\/dd>\n\t\t\t\t\t\t\t\t\t\t\t\t\t\t\t\t\t                            <dt>Poids (kg)<\/dt>\n\t\t\t\t\t\t\n\t\t\t\t\t\t                            <dd>115<\/dd>\n\t\t\t\t\t\t\t\t\t\t\t                <\/dl>\n            <\/div>\n\t\t            <div class=\"c-col-4 c-text-block c-text-small\">\n\t\t\t\t                <dl class=\"c-profile-list\">\n\t\t\t\t\t\t\t\t\t\t\t                            <dt>Pointure<\/dt>\n\t\t\t\t\t\t\n\t\t\t\t\t\t                            <dd>50<\/dd>\n\t\t\t\t\t\t\t\t\t\t\t\t\t\t\t\t\t                            <dt>Loisirs<\/dt>\n\t\t\t\t\t\t\n\t\t\t\t\t\t                            <dd>Sport en g\u00e9n\u00e9ral<\/dd>\n\t\t\t\t\t\t\t\t\t\t\t\t\t\t\t\t\t                            <dt>profession<\/dt>\n\t\t\t\t\t\t\n\t\t\t\t\t\t                            <dd>Forestier, agriculteur<\/dd>\n\t\t\t\t\t\t\t\t\t\t\t\t\t\t\t\t\t                            <dt>Plat pr\u00e9f\u00e9r\u00e9<\/dt>\n\t\t\t\t\t\t\n\t\t\t\t\t\t                            <dd>un bon morceau de viande<\/dd>\n\t\t\t\t\t\t\t\t\t\t\t\t\t\t\t\t\t                            <dt>Boisson pr\u00e9f\u00e9r\u00e9e<\/dt>\n\t\t\t\t\t\t\n\t\t\t\t\t\t                            <dd>Th\u00e9 glac\u00e9<\/dd>\n\t\t\t\t\t\t\t\t\t\t\t\t\t\t\t\t\t                            <dt>Membre<\/dt>\n\t\t\t\t\t\t\n\t\t\t\t\t\t                            <dd>Club de lutte de Bienne<\/dd>\n\t\t\t\t\t\t\t\t\t\t\t                <\/dl>\n            <\/div>\n\t\t            <div class=\"c-col-4 c-text-block c-text-small\">\n\t\t\t\t                <dl class=\"c-profile-list\">\n\t\t\t\t\t\t\t\t\t\t\t                            <dt>Couronnes<\/dt>\n\t\t\t\t\t\t\n\t\t\t\t\t\t                            <dd>31<\/dd>\n\t\t\t\t\t\t\t\t\t\t\t\t\t\t\t\t\t                            <dt>Couronnes f\u00e9d\u00e9rales<\/dt>\n\t\t\t\t\t\t\n\t\t\t\t\t\t                            <dd>2<\/dd>\n\t\t\t\t\t\t\t\t\t\t\t\t\t\t\t\t\t                            <dt>Victoires f\u00eate de lutte<\/dt>\n\t\t\t\t\t\t\n\t\t\t\t\t\t                            <dd>1<\/dd>\n\t\t\t\t\t\t\t\t\t\t\t                <\/dl>\n            <\/div>\n\t\t    <\/div>\n<\/div>\n\n\n<div class=\"c-container-medium  wp-block-acf-content-images c-img-2col \">\n    <div class=\"c-row\">\n\n\t\t\n<div class=\"c-col-6\">\n    <figure>\n\t    <img loading=\"lazy\" decoding=\"async\" width=\"800\" height=\"1067\" src=\"https:\/\/matthieuburger.ch\/wp-content\/uploads\/sites\/12\/2024\/04\/img-small-1.jpg\" class=\"attachment-large size-large\" alt=\"\" srcset=\"https:\/\/matthieuburger.ch\/wp-content\/uploads\/sites\/12\/2024\/04\/img-small-1.jpg 800w, https:\/\/matthieuburger.ch\/wp-content\/uploads\/sites\/12\/2024\/04\/img-small-1-450x600.jpg 450w, https:\/\/matthieuburger.ch\/wp-content\/uploads\/sites\/12\/2024\/04\/img-small-1-768x1024.jpg 768w\" sizes=\"auto, (max-width: 800px) 100vw, 800px\" \/>\n\t\t    <\/figure>\n<\/div>\n<div class=\"c-col-6\">\n    <figure>\n\t    <img loading=\"lazy\" decoding=\"async\" width=\"800\" height=\"1067\" src=\"https:\/\/matthieuburger.ch\/wp-content\/uploads\/sites\/12\/2024\/04\/img-small-2.jpg\" class=\"attachment-large size-large\" alt=\"\" srcset=\"https:\/\/matthieuburger.ch\/wp-content\/uploads\/sites\/12\/2024\/04\/img-small-2.jpg 800w, https:\/\/matthieuburger.ch\/wp-content\/uploads\/sites\/12\/2024\/04\/img-small-2-450x600.jpg 450w, https:\/\/matthieuburger.ch\/wp-content\/uploads\/sites\/12\/2024\/04\/img-small-2-768x1024.jpg 768w\" sizes=\"auto, (max-width: 800px) 100vw, 800px\" \/>\n\t\t    <\/figure>\n<\/div>\n    <\/div>\n<\/div>\n\n\n<div class=\"c-container-medium  wp-block-acf-content-images c-img-wide \">\n    <div class=\"c-row\">\n\n\t\t\n<div class=\"c-col-12\">\n    <figure>\n\t    <img loading=\"lazy\" decoding=\"async\" width=\"1200\" height=\"800\" src=\"https:\/\/matthieuburger.ch\/wp-content\/uploads\/sites\/12\/2024\/04\/img-wide-1-1200x800.jpg\" class=\"attachment-large size-large\" alt=\"\" srcset=\"https:\/\/matthieuburger.ch\/wp-content\/uploads\/sites\/12\/2024\/04\/img-wide-1-1200x800.jpg 1200w, https:\/\/matthieuburger.ch\/wp-content\/uploads\/sites\/12\/2024\/04\/img-wide-1-600x400.jpg 600w, https:\/\/matthieuburger.ch\/wp-content\/uploads\/sites\/12\/2024\/04\/img-wide-1-768x512.jpg 768w, https:\/\/matthieuburger.ch\/wp-content\/uploads\/sites\/12\/2024\/04\/img-wide-1-1536x1024.jpg 1536w, https:\/\/matthieuburger.ch\/wp-content\/uploads\/sites\/12\/2024\/04\/img-wide-1.jpg 1800w\" sizes=\"auto, (max-width: 1200px) 100vw, 1200px\" \/>\n\t\t    <\/figure>\n<\/div>\n    <\/div>\n<\/div>\n\n\n<div class=\"c-container c-accordion  wp-block-acf-content-accordion\">\n    <div class=\"c-row\">\n        <div class=\"c-col-12\">\n\n\t\t\t\n<div class=\"c-accordion-container\">\n    <input class=\"c-accordion-check\" id=\"ac-c60edc7b-362c-4a4f-92ea-8d31e63175e5\" name=\"accordion-c60edc7b-362c-4a4f-92ea-8d31e63175e5\" type=\"checkbox\" checked>\n    <label class=\"c-accordion-title c-h3\" for=\"ac-c60edc7b-362c-4a4f-92ea-8d31e63175e5\">Pourquoi est-ce que je pratique ce sport ? Quels sont les objectifs ?<\/label>\n    <div class=\"c-accordion-content\">\n        <div class=\"c-accordion-inner c-text-block\">\n\t\t\t<p>Une des raisons principales qui m&rsquo;a amen\u00e9 \u00e0 la lutte et qui joue un r\u00f4le important pour moi, c&rsquo;est le fair-play et la coh\u00e9sion, ainsi que l&rsquo;atmosph\u00e8re familiale au sein de la communaut\u00e9 des lutteurs. En outre, cela implique de toujours garder le focus, la discipline, la pers\u00e9v\u00e9rance et la ma\u00eetrise de soi. Parfois, m\u00eame dans les moments difficiles, il faut serrer les dents pour avancer.<\/p>\n<p>Les objectifs ne sont pas seulement de me d\u00e9velopper personnellement, mais aussi de respecter mes adversaires et d&rsquo;avoir le go\u00fbt du challenge.<\/p>\n        <\/div>\n    <\/div>\n<\/div>\n<div class=\"c-accordion-container\">\n    <input class=\"c-accordion-check\" id=\"ac-ab32f084-711a-4709-9394-ac609aba6a5e\" name=\"accordion-ab32f084-711a-4709-9394-ac609aba6a5e\" type=\"checkbox\" >\n    <label class=\"c-accordion-title c-h3\" for=\"ac-ab32f084-711a-4709-9394-ac609aba6a5e\">Quelle est la partie d&rsquo;une comp\u00e9tition que vous aimez le plus ?  <\/label>\n    <div class=\"c-accordion-content\">\n        <div class=\"c-accordion-inner c-text-block\">\n\t\t\t<p>Certes, gagner est une partie essentielle, mais montrer un respect mutuel avant et apr\u00e8s la comp\u00e9tition sont \u00e9galement particuliers. Il montre l&rsquo;appr\u00e9ciation de l&rsquo;adversaire et souligne le fair-play et l&rsquo;esprit sportif qui sont si importants dans la lutte.<\/p>\n        <\/div>\n    <\/div>\n<\/div>\n<div class=\"c-accordion-container\">\n    <input class=\"c-accordion-check\" id=\"ac-f773c3ee-3376-4e0e-b934-88a0dad38efa\" name=\"accordion-f773c3ee-3376-4e0e-b934-88a0dad38efa\" type=\"checkbox\" >\n    <label class=\"c-accordion-title c-h3\" for=\"ac-f773c3ee-3376-4e0e-b934-88a0dad38efa\">Y a-t-il un rituel qui doit toujours \u00eatre respect\u00e9 avant les comp\u00e9titions ?  <\/label>\n    <div class=\"c-accordion-content\">\n        <div class=\"c-accordion-inner c-text-block\">\n\t\t\t<p>Je bois volontiers un verre de vin rouge la veille de la comp\u00e9tition, \u00e0 titre exceptionnel. De plus, je prie bri\u00e8vement au bord de la sciure avant de commencer le couloir.<\/p>\n        <\/div>\n    <\/div>\n<\/div>\n<div class=\"c-accordion-container\">\n    <input class=\"c-accordion-check\" id=\"ac-63d2cc75-4064-4a45-b862-cfc093f1e962\" name=\"accordion-63d2cc75-4064-4a45-b862-cfc093f1e962\" type=\"checkbox\" >\n    <label class=\"c-accordion-title c-h3\" for=\"ac-63d2cc75-4064-4a45-b862-cfc093f1e962\">Objectif : faire partie des meilleurs lutteurs !<\/label>\n    <div class=\"c-accordion-content\">\n        <div class=\"c-accordion-inner c-text-block\">\n\t\t\t<p>Gagner des f\u00eates de lutte !<\/p>\n        <\/div>\n    <\/div>\n<\/div>\n        <\/div>\n    <\/div>\n<\/div>\n\n\n<div class=\"c-container-wide c-teaser-imgbg  wp-block-acf-general-teaser-wide\">\n\n\t<picture  class='c-teaser-imgbg-img' ><source srcset='https:\/\/matthieuburger.ch\/wp-content\/uploads\/sites\/12\/2024\/04\/mathieu-sport-1200x675.jpg 1200w, https:\/\/matthieuburger.ch\/wp-content\/uploads\/sites\/12\/2024\/04\/mathieu-sport-600x338.jpg 600w, https:\/\/matthieuburger.ch\/wp-content\/uploads\/sites\/12\/2024\/04\/mathieu-sport-768x432.jpg 768w, https:\/\/matthieuburger.ch\/wp-content\/uploads\/sites\/12\/2024\/04\/mathieu-sport-1536x864.jpg 1536w, https:\/\/matthieuburger.ch\/wp-content\/uploads\/sites\/12\/2024\/04\/mathieu-sport.jpg 2000w' media='(min-width: 600px)' \/><img decoding='async' src='https:\/\/matthieuburger.ch\/wp-content\/uploads\/sites\/12\/2024\/04\/mathieu-sport-mobile-300x300.jpg' srcset='https:\/\/matthieuburger.ch\/wp-content\/uploads\/sites\/12\/2024\/04\/mathieu-sport-mobile-386x600.jpg 386w, https:\/\/matthieuburger.ch\/wp-content\/uploads\/sites\/12\/2024\/04\/mathieu-sport-mobile-771x1200.jpg 771w, https:\/\/matthieuburger.ch\/wp-content\/uploads\/sites\/12\/2024\/04\/mathieu-sport-mobile-768x1195.jpg 768w, https:\/\/matthieuburger.ch\/wp-content\/uploads\/sites\/12\/2024\/04\/mathieu-sport-mobile.jpg 900w' alt='' \/><\/picture>    <span class=\"c-img-overlay\"><\/span>\n\n    <div class=\"c-container c-container-no-padding c-teaser-imgbg-text c-text-light\">\n        <div class=\"c-row c-row-align-center c-row-justify-right\">\n            <div class=\"c-col-6\">\n                <div class=\"c-box\">\n                    <div class=\"c-box-inner\">\n\t\t\t\t\t\t                            <span class=\"c-category-title\">Sport<\/span>\n\t\t\t\t\t\t\t\t\t\t\t\t                            <h2>Mes prochaines comp\u00e9titions<\/h2>\n\t\t\t\t\t\t\t\t\t\t\t\t                            <a class=\"c-btn\" href=\"https:\/\/matthieuburger.ch\/fr\/sport\/\" target=\"\"><span>En savoir plus<\/span><\/a>\n\t\t\t\t\t\t                    <\/div>\n                <\/div>\n            <\/div>\n        <\/div>\n    <\/div>\n\n<\/div>","protected":false},"excerpt":{"rendered":"","protected":false},"author":2,"featured_media":0,"parent":0,"menu_order":0,"comment_status":"closed","ping_status":"closed","template":"","meta":{"_acf_changed":false,"footnotes":""},"class_list":["post-806","page","type-page","status-publish","hentry"],"acf":[],"_links":{"self":[{"href":"https:\/\/matthieuburger.ch\/fr\/wp-json\/wp\/v2\/pages\/806","targetHints":{"allow":["GET"]}}],"collection":[{"href":"https:\/\/matthieuburger.ch\/fr\/wp-json\/wp\/v2\/pages"}],"about":[{"href":"https:\/\/matthieuburger.ch\/fr\/wp-json\/wp\/v2\/types\/page"}],"author":[{"embeddable":true,"href":"https:\/\/matthieuburger.ch\/fr\/wp-json\/wp\/v2\/users\/2"}],"replies":[{"embeddable":true,"href":"https:\/\/matthieuburger.ch\/fr\/wp-json\/wp\/v2\/comments?post=806"}],"version-history":[{"count":7,"href":"https:\/\/matthieuburger.ch\/fr\/wp-json\/wp\/v2\/pages\/806\/revisions"}],"predecessor-version":[{"id":1507,"href":"https:\/\/matthieuburger.ch\/fr\/wp-json\/wp\/v2\/pages\/806\/revisions\/1507"}],"wp:attachment":[{"href":"https:\/\/matthieuburger.ch\/fr\/wp-json\/wp\/v2\/media?parent=806"}],"curies":[{"name":"wp","href":"https:\/\/api.w.org\/{rel}","templated":true}]}}