{"id":829,"date":"2024-05-31T14:31:44","date_gmt":"2024-05-31T14:31:44","guid":{"rendered":"https:\/\/matthieuburger.ch\/contact\/"},"modified":"2025-11-01T14:06:39","modified_gmt":"2025-11-01T14:06:39","slug":"contact","status":"publish","type":"page","link":"https:\/\/matthieuburger.ch\/fr\/contact\/","title":{"rendered":"Contact"},"content":{"rendered":"\n<div class=\"c-container c-text-only  wp-block-acf-content-wysiwyg\">\n    <div class=\"c-row\">\n        <div class=\"c-col-8 c-text-block\">\n            <h4>Carte d\u00e9dicac\u00e9e<\/h4>\n<p>Vous voulez une carte d\u00e9dicac\u00e9e ? Dans ce cas, veuillez m&rsquo;envoyer une enveloppe-r\u00e9ponse adress\u00e9e et affranchie \u00e0 l&rsquo;adresse suivante :<\/p>\n<p>Matthieu Burger<br \/>\nBaumgarten 4<br \/>\n2576 L\u00fcscherz<\/p>\n<h4>Pour toute autre demande<\/h4>\n<p>Global Sport Management S\u00e0rl<br \/>\nPostgasse 1<br \/>\nCH-3272 Walperswil<\/p>\n<p><a href=\"mailto:gs@globalsport.management\">gs@globalsport.management<\/a><br \/>\n<a href=\"tel:+41%2079%20632%2078%2078\">+41 79 632 78 78<\/a><\/p>\n        <\/div>\n    <\/div>\n<\/div>","protected":false},"excerpt":{"rendered":"","protected":false},"author":2,"featured_media":0,"parent":0,"menu_order":0,"comment_status":"closed","ping_status":"closed","template":"","meta":{"_acf_changed":false,"footnotes":""},"class_list":["post-829","page","type-page","status-publish","hentry"],"acf":[],"_links":{"self":[{"href":"https:\/\/matthieuburger.ch\/fr\/wp-json\/wp\/v2\/pages\/829","targetHints":{"allow":["GET"]}}],"collection":[{"href":"https:\/\/matthieuburger.ch\/fr\/wp-json\/wp\/v2\/pages"}],"about":[{"href":"https:\/\/matthieuburger.ch\/fr\/wp-json\/wp\/v2\/types\/page"}],"author":[{"embeddable":true,"href":"https:\/\/matthieuburger.ch\/fr\/wp-json\/wp\/v2\/users\/2"}],"replies":[{"embeddable":true,"href":"https:\/\/matthieuburger.ch\/fr\/wp-json\/wp\/v2\/comments?post=829"}],"version-history":[{"count":3,"href":"https:\/\/matthieuburger.ch\/fr\/wp-json\/wp\/v2\/pages\/829\/revisions"}],"predecessor-version":[{"id":1499,"href":"https:\/\/matthieuburger.ch\/fr\/wp-json\/wp\/v2\/pages\/829\/revisions\/1499"}],"wp:attachment":[{"href":"https:\/\/matthieuburger.ch\/fr\/wp-json\/wp\/v2\/media?parent=829"}],"curies":[{"name":"wp","href":"https:\/\/api.w.org\/{rel}","templated":true}]}}